{"id":599,"date":"2025-12-15T13:37:28","date_gmt":"2025-12-15T12:37:28","guid":{"rendered":"https:\/\/hoteligeaspiaggia.com\/privacy-policy\/"},"modified":"2026-04-08T14:38:39","modified_gmt":"2026-04-08T12:38:39","slug":"privacy-policy","status":"publish","type":"page","link":"https:\/\/hoteligeaspiaggia.com\/en\/privacy-policy\/","title":{"rendered":"Privacy Policy"},"content":{"rendered":"<div class=\"et_pb_column et_pb_column_4_4 et_pb_column_0 et_pb_css_mix_blend_mode_passthrough et-last-child\">\n<div class=\"et_pb_module et_pb_text et_pb_text_0 et_pb_text_align_left et_pb_bg_layout_light\">\n<div class=\"et_pb_text_inner\">\n<div class=\"et_pb_column et_pb_column_4_4 et_pb_column_0 et_pb_css_mix_blend_mode_passthrough et-last-child\">\n<div class=\"et_pb_module et_pb_text et_pb_text_1 et_pb_text_align_left et_pb_bg_layout_light\">\n<div class=\"et_pb_text_inner\">\n<h2>INFORMATIVA SUL TRATTAMENTO DEI DATI PERSONALI<\/h2>\n<p>Gentile utente,<\/p>\n<p>desideriamo informarla, ai sensi degli articoli\u00a0<strong>13 e 14 del Regolamento 2016\/679\/UE (GDPR),<\/strong>\u00a0che il trattamento dei suoi dati personali avverr\u00e0 con correttezza e trasparenza, per fini leciti e tutelando la sua riservatezza ed i suoi diritti.<\/p>\n<p>In particolare segnaliamo che il Titolare del trattamento \u00e8 <strong>Igea Spiaggia di Mattioli Carlo e C.Sas<\/strong> nella persona del legale rappresentante <strong>Carlo Mattioli<\/strong>, che potr\u00e0 essere contattata, per far valere i Suoi diritti, al seguente indirizzo e-mail: <a href=\"mailto:info@hoteligeaspiaggia.com\">info@hoteligeaspiaggia.com<\/a> oppure tramite l\u2019invio di una comunicazione scritta presso:<\/p>\n<p><strong>Titolare del trattamento<\/strong><\/p>\n<p><strong>Igea Spiaggia di Mattioli Carlo e C.Sas<br \/>\n<\/strong>Via Pinzon, 88<br \/>\n47814 Igea Marina (RN)<\/p>\n<p>Il trattamento da parte del Titolare sar\u00e0 finalizzato a:<\/p>\n<ol>\n<li>rispondere a richieste di informazioni ricevute dall\u2019utente del sito, in particolare per rispondere alle richieste dell\u2019utente pervenute per mezzo della pagina \u201cCONTATTI\u201d o del modulo\u00a0 &#8220;PREVENTIVO&#8221;\u00a0 presente nel sito (base giuridica che legittima il trattamento \u00e8 data dall\u2019art. 6, par.1, lett. b) del Regolamento UE 2016\/679);<\/li>\n<li>facilitare la navigazione \/ fruizione dei contenuti del sito (base giuridica che legittima il trattamento \u00e8 data dall\u2019art. 6, par.1, lett. f) del Regolamento UE 2016\/679).<\/li>\n<li>assolvere obblighi di legge, contabili e fiscali (base giuridica che legittima il trattamento \u00e8 data dall\u2019art. 6, par.1, lett. c) del Regolamento UE 2016\/679).<\/li>\n<\/ol>\n<p>Il conferimento dei suoi dati per i trattamenti di cui ai punti 1, 2 e 3 \u00e8 obbligatorio. Il loro eventuale mancato conferimento non permetterebbe di soddisfare le richieste inviate tramite il sito web.<\/p>\n<p>Categorie di dati personali trattati nella form pagina \u201cCONTATTI\u201d:<\/p>\n<ul>\n<li>Dati anagrafici (nome, cognome ) \u2013 obbligatori,<\/li>\n<li>Dati di contatto (e-mail e telefono) \u2013 obbligatori;<\/li>\n<li>Messaggio (campo testuale) \u2013 facoltativo.<\/li>\n<\/ul>\n<p>Categorie di dati personali trattati nella form pagina \u201cPREVENTIVO\u201d:<\/p>\n<ul>\n<li>Dati anagrafici (nome, cognome) \u2013 obbligatori,<\/li>\n<li>Dati di contatto (e-mail e telefono) \u2013 obbligatori;<\/li>\n<li>Messaggio (campo testuale) \u2013 facoltativo.<\/li>\n<\/ul>\n<p>Altre categorie di dati trattati durante la navigazione del sito:<\/p>\n<ul>\n<li>Dati di navigazione;<\/li>\n<li>Cookie<\/li>\n<\/ul>\n<p><strong>I dati raccolti non saranno comunicati a terzi<\/strong><\/p>\n<p><strong>I dati raccolti non saranno trasferiti in paesi stranieri al di fuori dello Spazio Economico Europeo e non saranno oggetto di sistemi di profilazione.<\/strong><\/p>\n<p>I dati raccolti saranno conservati nei nostri archivi per il tempo strettamente necessario all\u2019esecuzione dei servizi richiesti o per le tempistiche definite da norme di legge in materia amministrativa, contabile e fiscale. I dati gestiti dal titolare del trattamento per mezzo dei servizi IT erogati dalla societ\u00e0 Hi-Net s.r.l., appositamente nominata responsabile del trattamento esterno, saranno conservati per il tempo strettamente necessario per l\u2019assolvimento della prestazione richiesta.<\/p>\n<p>Desideriamo inoltre informarla in merito al Suo diritto di chiedere al Titolare del trattamento l\u2019accesso ai dati personali e la rettifica o la cancellazione degli stessi o la limitazione del trattamento che lo riguardano o di opporsi al loro trattamento, oltre al diritto alla portabilit\u00e0 dei dati, secondo le modalit\u00e0 definite dagli articoli 15-22 del Regolamento UE 2016\/679 (GDPR).<\/p>\n<p>A tal fine sar\u00e0 necessario inviare apposita richiesta al seguente indirizzo e-mail: <a href=\"mailto:info@hoteligeaspiaggia.com\">info@hoteligeaspiaggia.com<\/a><\/p>\n<p>La informiamo inoltre in merito al Suo diritto di proporre eventuale reclamo all\u2019autorit\u00e0 di controllo (Autorit\u00e0 Garante della Privacy), raggiungibile al sito https:\/\/www.garanteprivacy.it\/<\/p>\n<p>&nbsp;<\/p>\n<\/div>\n<\/div>\n<\/div>\n<\/div>\n<\/div>\n<div class=\"et_pb_module et_pb_text et_pb_text_1 et_pb_text_align_left et_pb_bg_layout_light\">\n<div class=\"et_pb_text_inner\">\n<div class=\"et_pb_column et_pb_column_4_4 et_pb_column_0 et_pb_css_mix_blend_mode_passthrough et-last-child\">\n<div class=\"et_pb_module et_pb_text et_pb_text_1 et_pb_text_align_left et_pb_bg_layout_light\">\n<div class=\"et_pb_text_inner\">\n<h2>DATI DI NAVIGAZIONE<\/h2>\n<p>I sistemi informatici e le procedure software preposte al funzionamento di questo sito acquisiscono, nel corso del loro normale esercizio, alcuni dati personali la cui trasmissione \u00e8 implicita nell\u2019uso dei protocolli di comunicazione di Internet. Si tratta di informazioni che non sono raccolte per essere associate a utenti identificati, ma che per loro stessa natura potrebbero, attraverso elaborazioni e associazioni con dati detenuti da terzi, permettere di identificare gli utenti medesimi. In questa categoria di dati rientrano gli indirizzi IP o i nomi a dominio dei computer utilizzati dagli utenti che si connettono al sito, gli indirizzi in notazione URI (Uniform Resource Identifier) delle risorse richieste, l\u2019orario della richiesta, il metodo utilizzato nel sottoporre la richiesta al server, la dimensione del file ottenuto in risposta, il codice numerico indicante lo stato della risposta data dal server (buon fine, errore o simili) e altri parametri relativi al sistema operativo e all\u2019ambiente informatico dell\u2019utente. Questi dati sono usati soltanto per ricavare informazioni statistiche anonime sull\u2019uso del sito e per controllarne il corretto funzionamento e sono cancellati immediatamente dopo l\u2019elaborazione. I dati potrebbero essere utilizzati per l\u2019accertamento di responsabilit\u00e0 in caso di ipotetici reati informatici ai danni del sito.<\/p>\n<\/div>\n<\/div>\n<\/div>\n<\/div>\n<\/div>\n<div class=\"et_pb_module et_pb_text et_pb_text_2 et_pb_text_align_left et_pb_bg_layout_light\">\n<div class=\"et_pb_text_inner\">\n<div class=\"et_pb_column et_pb_column_4_4 et_pb_column_0 et_pb_css_mix_blend_mode_passthrough et-last-child\">\n<div class=\"et_pb_module et_pb_text et_pb_text_1 et_pb_text_align_left et_pb_bg_layout_light\">\n<div class=\"et_pb_text_inner\">\n<h2><\/h2>\n<h2>UTILIZZO DEI COOKIE<\/h2>\n<p>Nel nostro sito web sono utilizzati dei cookie. I cookie sono piccoli file di testo inviati al browser dell\u2019utente, dove vengono memorizzati per essere poi ritrasmessi agli stessi siti alla successiva visita del medesimo utente. Nel corso della navigazione su un sito, l\u2019utente pu\u00f2 ricevere sul suo terminale anche cookie di siti o di web server diversi (c.d. cookie di \u201cterze parti\u201d); ci\u00f2 accade perch\u00e9 sul sito web visitato possono essere presenti elementi come, ad esempio, immagini, mappe, suoni, specifici link a pagine web di altri domini che risiedono su server diversi da quello sul quale si trova la pagina richiesta.<\/p>\n<p>Con la presente, il Titolare del trattamento dei dati la informa che nel proprio sito web sono presenti cookie di due tipologie:<\/p>\n<ul>\n<li>cookie di sessione<\/li>\n<li>cookie persistenti di terze parti<\/li>\n<\/ul>\n<p><strong>Cookie di tecnici e sessione<\/strong><br \/>\nL\u2019uso di cosidetti cookies tecnici o di sessione (che non vengono memorizzati in modo persistente sul computer dell\u2019utente e svaniscono con la chiusura del browser) \u00e8 strettamente limitato alla trasmissione di identificativi di sessione (costituiti da numeri casuali generati dal server) necessari per consentire l\u2019esplorazione sicura ed efficiente del sito.<\/p>\n<ul>\n<li>Hi Cookie<\/li>\n<\/ul>\n<p>Cookies necessari per il funzionamento della soluzione adottata da questo sito per essere in regola con la normativa GDPR<\/p>\n<table width=\"641\">\n<tbody>\n<tr>\n<td width=\"140\">hicookie-*<\/td>\n<td width=\"397\">Memorizza lo stato del consenso ai cookie dell\u2019utente per il dominio corrente<\/td>\n<td width=\"104\">6 mesi<\/td>\n<\/tr>\n<\/tbody>\n<\/table>\n<ul>\n<li>reCAPTCHA di Google<\/li>\n<\/ul>\n<p>Questo cookie \u00e8 impostato da Google. La funzionalit\u00e0 \u00e8 quella di fornire protezione antispam.<\/p>\n<table width=\"641\">\n<tbody>\n<tr>\n<td width=\"144\">_GRECAPTCHA<\/td>\n<td width=\"384\">reCapthca imposta un cookie necessario, allo scopo di fornire la sua analisi dei rischi.<\/td>\n<td width=\"113\">179 giorni<\/td>\n<\/tr>\n<\/tbody>\n<\/table>\n<p><strong>Cookie di terze parti<\/strong><br \/>\n<strong>Cookie di Google Analytics.<\/strong>\u00a0Il nostro sito web utilizza Google Analytics esclusivamente per scopi statistici. I cookie in questione raccolgono informazioni in forma aggregata al fine di monitorare e analizzare gli accessi a tutte le aree del sito.<\/p>\n<table width=\"652\">\n<tbody>\n<tr>\n<td width=\"167\">_ga<\/td>\n<td width=\"372\">Questo cookie \u00e8 installato da Google Analytics. Il cookie viene utilizzato per calcolare i dati di visitatori, sessioni, campagne e tenere traccia dell\u2019utilizzo del sito per il report di analisi del sito. I cookie memorizzano le informazioni in modo anonimo e assegnano un numero generato casualmente per identificare i visitatori unici.<\/td>\n<td width=\"113\">400 giorni<\/td>\n<\/tr>\n<tr>\n<td width=\"167\">_ga_D0SL279VHW<\/td>\n<td width=\"372\">Cookie installato da Google analytics, utilizzato per registrare e contare le visualizzazioni di pagine.<\/td>\n<td width=\"113\">400 giorni<\/td>\n<\/tr>\n<\/tbody>\n<\/table>\n<p><strong>Cookie di Google ReCaptcha.<\/strong>\u00a0Per la protezione dallo spam il sito utilizza il servizio ReCaptcha di Google le informazioni relative al trattamento dei dati raccolti si trovano presso https:\/\/policies.google.com\/privacy?hl=it<\/p>\n<p>Le informazioni generate dal cookie sull\u2019utilizzo del sito web vengono comunicate a Google Inc. al cui sito web https:\/\/tools.google.com\/dlpage\/gaoptout espressamente si rimanda per maggiori dettagli e per disabilitare il loro salvataggio sul terminale dell\u2019utente giacch\u00e9 il loro utilizzo ai fini della navigazione sul nostro sito \u00e8 assolutamente facoltativo.<\/p>\n<\/div>\n<\/div>\n<\/div>\n<\/div>\n<\/div>\n<\/div>\n","protected":false},"excerpt":{"rendered":"<p>INFORMATIVA SUL TRATTAMENTO DEI DATI PERSONALI Gentile utente, desideriamo informarla, ai sensi degli articoli\u00a013 e 14 del Regolamento 2016\/679\/UE (GDPR),\u00a0che il trattamento dei suoi dati personali avverr\u00e0 con correttezza e trasparenza, per fini leciti e tutelando la sua riservatezza ed i suoi diritti. In particolare segnaliamo che il Titolare del trattamento \u00e8 Igea Spiaggia di [&hellip;]<\/p>\n","protected":false},"author":9001,"featured_media":0,"parent":0,"menu_order":0,"comment_status":"closed","ping_status":"open","template":"","meta":{"_et_pb_use_builder":"","_et_pb_old_content":"","_et_gb_content_width":"","footnotes":""},"class_list":["post-599","page","type-page","status-publish","hentry"],"yoast_head":"<!-- This site is optimized with the Yoast SEO plugin v27.4 - https:\/\/yoast.com\/product\/yoast-seo-wordpress\/ -->\n<title>Privacy Policy - Hotel Igea Spiaggia<\/title>\n<meta name=\"description\" content=\"Privacy Policy - Hotel Igea Spiaggia -\" \/>\n<meta name=\"robots\" content=\"index, follow, max-snippet:-1, max-image-preview:large, max-video-preview:-1\" \/>\n<link rel=\"canonical\" href=\"https:\/\/hoteligeaspiaggia.com\/en\/privacy-policy\/\" \/>\n<meta property=\"og:locale\" content=\"en_US\" \/>\n<meta property=\"og:type\" content=\"article\" \/>\n<meta property=\"og:title\" content=\"Privacy Policy - Hotel Igea Spiaggia\" \/>\n<meta property=\"og:description\" content=\"Privacy Policy - Hotel Igea Spiaggia -\" \/>\n<meta property=\"og:url\" content=\"https:\/\/hoteligeaspiaggia.com\/en\/privacy-policy\/\" \/>\n<meta property=\"og:site_name\" content=\"Hotel Igea Spiaggia\" \/>\n<meta property=\"article:modified_time\" content=\"2026-04-08T12:38:39+00:00\" \/>\n<meta name=\"twitter:card\" content=\"summary_large_image\" \/>\n<meta name=\"twitter:label1\" content=\"Est. reading time\" \/>\n\t<meta name=\"twitter:data1\" content=\"7 minutes\" \/>\n<script type=\"application\/ld+json\" class=\"yoast-schema-graph\">{\"@context\":\"https:\\\/\\\/schema.org\",\"@graph\":[{\"@type\":\"WebPage\",\"@id\":\"https:\\\/\\\/hoteligeaspiaggia.com\\\/en\\\/privacy-policy\\\/\",\"url\":\"https:\\\/\\\/hoteligeaspiaggia.com\\\/en\\\/privacy-policy\\\/\",\"name\":\"Privacy Policy - Hotel Igea Spiaggia\",\"isPartOf\":{\"@id\":\"https:\\\/\\\/hoteligeaspiaggia.com\\\/en\\\/#website\"},\"datePublished\":\"2025-12-15T12:37:28+00:00\",\"dateModified\":\"2026-04-08T12:38:39+00:00\",\"description\":\"Privacy Policy - Hotel Igea Spiaggia -\",\"breadcrumb\":{\"@id\":\"https:\\\/\\\/hoteligeaspiaggia.com\\\/en\\\/privacy-policy\\\/#breadcrumb\"},\"inLanguage\":\"en-US\",\"potentialAction\":[{\"@type\":\"ReadAction\",\"target\":[\"https:\\\/\\\/hoteligeaspiaggia.com\\\/en\\\/privacy-policy\\\/\"]}]},{\"@type\":\"BreadcrumbList\",\"@id\":\"https:\\\/\\\/hoteligeaspiaggia.com\\\/en\\\/privacy-policy\\\/#breadcrumb\",\"itemListElement\":[{\"@type\":\"ListItem\",\"position\":1,\"name\":\"Home\",\"item\":\"https:\\\/\\\/hoteligeaspiaggia.com\\\/en\\\/\"},{\"@type\":\"ListItem\",\"position\":2,\"name\":\"Privacy Policy\"}]},{\"@type\":\"WebSite\",\"@id\":\"https:\\\/\\\/hoteligeaspiaggia.com\\\/en\\\/#website\",\"url\":\"https:\\\/\\\/hoteligeaspiaggia.com\\\/en\\\/\",\"name\":\"Hotel Igea Spiaggia\",\"description\":\"Hotel in riva al mare a Igea Marina\",\"potentialAction\":[{\"@type\":\"SearchAction\",\"target\":{\"@type\":\"EntryPoint\",\"urlTemplate\":\"https:\\\/\\\/hoteligeaspiaggia.com\\\/en\\\/?s={search_term_string}\"},\"query-input\":{\"@type\":\"PropertyValueSpecification\",\"valueRequired\":true,\"valueName\":\"search_term_string\"}}],\"inLanguage\":\"en-US\"}]}<\/script>\n<!-- \/ Yoast SEO plugin. -->","yoast_head_json":{"title":"Privacy Policy - Hotel Igea Spiaggia","description":"Privacy Policy - Hotel Igea Spiaggia -","robots":{"index":"index","follow":"follow","max-snippet":"max-snippet:-1","max-image-preview":"max-image-preview:large","max-video-preview":"max-video-preview:-1"},"canonical":"https:\/\/hoteligeaspiaggia.com\/en\/privacy-policy\/","og_locale":"en_US","og_type":"article","og_title":"Privacy Policy - Hotel Igea Spiaggia","og_description":"Privacy Policy - Hotel Igea Spiaggia -","og_url":"https:\/\/hoteligeaspiaggia.com\/en\/privacy-policy\/","og_site_name":"Hotel Igea Spiaggia","article_modified_time":"2026-04-08T12:38:39+00:00","twitter_card":"summary_large_image","twitter_misc":{"Est. reading time":"7 minutes"},"schema":{"@context":"https:\/\/schema.org","@graph":[{"@type":"WebPage","@id":"https:\/\/hoteligeaspiaggia.com\/en\/privacy-policy\/","url":"https:\/\/hoteligeaspiaggia.com\/en\/privacy-policy\/","name":"Privacy Policy - Hotel Igea Spiaggia","isPartOf":{"@id":"https:\/\/hoteligeaspiaggia.com\/en\/#website"},"datePublished":"2025-12-15T12:37:28+00:00","dateModified":"2026-04-08T12:38:39+00:00","description":"Privacy Policy - Hotel Igea Spiaggia -","breadcrumb":{"@id":"https:\/\/hoteligeaspiaggia.com\/en\/privacy-policy\/#breadcrumb"},"inLanguage":"en-US","potentialAction":[{"@type":"ReadAction","target":["https:\/\/hoteligeaspiaggia.com\/en\/privacy-policy\/"]}]},{"@type":"BreadcrumbList","@id":"https:\/\/hoteligeaspiaggia.com\/en\/privacy-policy\/#breadcrumb","itemListElement":[{"@type":"ListItem","position":1,"name":"Home","item":"https:\/\/hoteligeaspiaggia.com\/en\/"},{"@type":"ListItem","position":2,"name":"Privacy Policy"}]},{"@type":"WebSite","@id":"https:\/\/hoteligeaspiaggia.com\/en\/#website","url":"https:\/\/hoteligeaspiaggia.com\/en\/","name":"Hotel Igea Spiaggia","description":"Hotel in riva al mare a Igea Marina","potentialAction":[{"@type":"SearchAction","target":{"@type":"EntryPoint","urlTemplate":"https:\/\/hoteligeaspiaggia.com\/en\/?s={search_term_string}"},"query-input":{"@type":"PropertyValueSpecification","valueRequired":true,"valueName":"search_term_string"}}],"inLanguage":"en-US"}]}},"_links":{"self":[{"href":"https:\/\/hoteligeaspiaggia.com\/en\/wp-json\/wp\/v2\/pages\/599","targetHints":{"allow":["GET"]}}],"collection":[{"href":"https:\/\/hoteligeaspiaggia.com\/en\/wp-json\/wp\/v2\/pages"}],"about":[{"href":"https:\/\/hoteligeaspiaggia.com\/en\/wp-json\/wp\/v2\/types\/page"}],"author":[{"embeddable":true,"href":"https:\/\/hoteligeaspiaggia.com\/en\/wp-json\/wp\/v2\/users\/9001"}],"replies":[{"embeddable":true,"href":"https:\/\/hoteligeaspiaggia.com\/en\/wp-json\/wp\/v2\/comments?post=599"}],"version-history":[{"count":1,"href":"https:\/\/hoteligeaspiaggia.com\/en\/wp-json\/wp\/v2\/pages\/599\/revisions"}],"predecessor-version":[{"id":600,"href":"https:\/\/hoteligeaspiaggia.com\/en\/wp-json\/wp\/v2\/pages\/599\/revisions\/600"}],"wp:attachment":[{"href":"https:\/\/hoteligeaspiaggia.com\/en\/wp-json\/wp\/v2\/media?parent=599"}],"curies":[{"name":"wp","href":"https:\/\/api.w.org\/{rel}","templated":true}]}}